{"id":92,"date":"2023-07-24T09:30:51","date_gmt":"2023-07-24T07:30:51","guid":{"rendered":"https:\/\/dev.drladstaetter.at\/?page_id=92"},"modified":"2025-05-09T11:13:40","modified_gmt":"2025-05-09T09:13:40","slug":"leistungsangebot","status":"publish","type":"page","link":"https:\/\/drladstaetter.at\/?page_id=92","title":{"rendered":"Leistungsangebot"},"content":{"rendered":"\t\t<div data-elementor-type=\"wp-page\" data-elementor-id=\"92\" class=\"elementor elementor-92\" data-elementor-post-type=\"page\">\n\t\t\t\t\t\t<section class=\"elementor-section elementor-top-section elementor-element elementor-element-62212ad elementor-section-boxed elementor-section-height-default elementor-section-height-default\" data-id=\"62212ad\" data-element_type=\"section\" data-settings=\"{&quot;background_background&quot;:&quot;classic&quot;}\">\n\t\t\t\t\t\t<div class=\"elementor-container elementor-column-gap-default\">\n\t\t\t\t\t<div class=\"elementor-column elementor-col-50 elementor-top-column elementor-element elementor-element-db8e55f\" data-id=\"db8e55f\" data-element_type=\"column\">\n\t\t\t<div class=\"elementor-widget-wrap elementor-element-populated\">\n\t\t\t\t\t\t<div class=\"elementor-element elementor-element-0584dfa elementor-widget__width-initial elementor-cta--skin-classic elementor-animated-content elementor-widget elementor-widget-call-to-action\" data-id=\"0584dfa\" data-element_type=\"widget\" data-widget_type=\"call-to-action.default\">\n\t\t\t\t<div class=\"elementor-widget-container\">\n\t\t\t\t\t\t\t<div class=\"elementor-cta\">\n\t\t\t\t\t<div class=\"elementor-cta__bg-wrapper\">\n\t\t\t\t<div class=\"elementor-cta__bg elementor-bg\" style=\"background-image: url(https:\/\/drladstaetter.at\/wp-content\/uploads\/2023\/07\/IMG_2351002-383w.webp);\" role=\"img\" aria-label=\"IMG_2351+(002)-383w\"><\/div>\n\t\t\t\t<div class=\"elementor-cta__bg-overlay\"><\/div>\n\t\t\t<\/div>\n\t\t\t\t\t\t\t\t<\/div>\n\t\t\t\t\t\t<\/div>\n\t\t\t\t<\/div>\n\t\t\t\t<div class=\"elementor-element elementor-element-02b819c elementor-widget__width-initial elementor-cta--skin-classic elementor-animated-content elementor-widget elementor-widget-call-to-action\" data-id=\"02b819c\" data-element_type=\"widget\" data-widget_type=\"call-to-action.default\">\n\t\t\t\t<div class=\"elementor-widget-container\">\n\t\t\t\t\t\t\t<div class=\"elementor-cta\">\n\t\t\t\t\t<div class=\"elementor-cta__bg-wrapper\">\n\t\t\t\t<div class=\"elementor-cta__bg elementor-bg\" style=\"background-image: url(https:\/\/drladstaetter.at\/wp-content\/uploads\/2023\/07\/146ede5c-59db-435f-968c-19c1f5458541002-1920w.webp);\" role=\"img\" aria-label=\"146ede5c-59db-435f-968c-19c1f5458541+(002)-1920w\"><\/div>\n\t\t\t\t<div class=\"elementor-cta__bg-overlay\"><\/div>\n\t\t\t<\/div>\n\t\t\t\t\t\t\t\t<\/div>\n\t\t\t\t\t\t<\/div>\n\t\t\t\t<\/div>\n\t\t\t\t\t<\/div>\n\t\t<\/div>\n\t\t\t\t<div class=\"elementor-column elementor-col-50 elementor-top-column elementor-element elementor-element-b32d478\" data-id=\"b32d478\" data-element_type=\"column\">\n\t\t\t<div class=\"elementor-widget-wrap elementor-element-populated\">\n\t\t\t\t\t\t<div class=\"elementor-element elementor-element-d2f3b0a elementor-widget elementor-widget-heading\" data-id=\"d2f3b0a\" data-element_type=\"widget\" data-widget_type=\"heading.default\">\n\t\t\t\t<div class=\"elementor-widget-container\">\n\t\t\t\t\t<h1 class=\"elementor-heading-title elementor-size-default\">Leistungsangebot<\/h1>\t\t\t\t<\/div>\n\t\t\t\t<\/div>\n\t\t\t\t<div class=\"elementor-element elementor-element-2cd9209 elementor-widget elementor-widget-text-editor\" data-id=\"2cd9209\" data-element_type=\"widget\" data-widget_type=\"text-editor.default\">\n\t\t\t\t<div class=\"elementor-widget-container\">\n\t\t\t\t\t\t\t\t\t<p>Nach langj\u00e4hriger Berufspraxis bieten wir durch Erfahrung in allen Bereichen vor allem folgende Leistungsparameter an:<\/p><ul class=\"defaultList bullet\"><li>Sprechstundenorganisation mit telefonischer Voranmeldung<\/li><li>EDV \u2013 unterst\u00fctzte Patientenverwaltung<\/li><li>Hausapotheke<\/li><li>R\u00f6ntgen<\/li><li>Lasertherapie<\/li><li>Labordiagnostik<\/li><li>Ultraschall<\/li><li>Chirurgie<ul class=\"defaultList bullet\"><li class=\"m-size-11 ql-indent-1 size-14\"><span class=\"m-font-size-11 font-size-14\">OP-Tauglichkeit<\/span><\/li><li class=\"m-size-11 ql-indent-1 size-14\"><span class=\"m-font-size-11 font-size-14\">Narkose\u00fcberwachung<\/span><\/li><li class=\"m-size-11 ql-indent-1 size-14\"><span class=\"m-font-size-11 font-size-14\">Weichteilchirurgie<\/span><\/li><li class=\"m-size-11 ql-indent-1 size-14\"><span class=\"m-font-size-11 font-size-14\">Harn,-Mage,-Darmtrakt (Blasensteine&#8230;)<\/span><\/li><li class=\"m-size-11 ql-indent-1 size-14\"><span class=\"m-font-size-11 font-size-14\">Notoperationen (Magendrehung, Fremdk\u00f6rper,&#8230;)<\/span><\/li><li class=\"m-size-11 ql-indent-1 size-14\"><span class=\"m-font-size-11 font-size-14\">Tumorchirurgie<\/span><\/li><li class=\"m-size-11 ql-indent-1 size-14\"><span class=\"m-font-size-11 font-size-14\">Unfallchirurgie<\/span><\/li><li class=\"m-size-11 ql-indent-1 size-14\"><span class=\"m-font-size-11 font-size-14\">Gyn\u00e4kologische Operationen (Kaiserschnitt, Kastration,&#8230;)<\/span><\/li><li class=\"m-size-11 ql-indent-1 size-14\"><span class=\"m-font-size-11 font-size-14\">Osteosynthese (Kreuzband, TPLO,&#8230;)<\/span><\/li><\/ul><\/li><li>Station\u00e4re Patientenbetreuung<\/li><li>Zahnbehandlungen<\/li><li>Gesundenuntersuchung, Vorsorgemedizin<\/li><li>F\u00fctterungs- und Di\u00e4tberatung<\/li><li>Elektronische Tierkennzeichnung<\/li><li>HD-Ankaufsuntersuchungen<\/li><li>Interne Medizin<ul class=\"defaultList bullet\"><li class=\"m-size-11 ql-indent-1 size-14\"><span class=\"m-font-size-11 font-size-14\">Welpencheck<\/span><\/li><li class=\"m-size-11 ql-indent-1 size-14\"><span class=\"m-font-size-11 font-size-14\">Schutzimpfungen<\/span><\/li><li class=\"m-size-11 ql-indent-1 size-14\"><span class=\"m-font-size-11 font-size-14\">Parasitenprophylaxe und -behandlung<\/span><\/li><li class=\"m-size-11 ql-indent-1 size-14\"><span class=\"m-font-size-11 font-size-14\">Altersvorsorge<\/span><\/li><\/ul><\/li><li class=\"m-size-11 ql-indent-1 size-14\"><span class=\"m-font-size-11 font-size-14\">Betreuung geriatrischer Patienten<\/span><\/li><\/ul>\t\t\t\t\t\t\t\t<\/div>\n\t\t\t\t<\/div>\n\t\t\t\t\t<\/div>\n\t\t<\/div>\n\t\t\t\t\t<\/div>\n\t\t<\/section>\n\t\t\t\t<section class=\"elementor-section elementor-top-section elementor-element elementor-element-ed0b5ee elementor-section-boxed elementor-section-height-default elementor-section-height-default\" data-id=\"ed0b5ee\" data-element_type=\"section\" data-settings=\"{&quot;background_background&quot;:&quot;classic&quot;}\">\n\t\t\t\t\t\t<div class=\"elementor-container elementor-column-gap-default\">\n\t\t\t\t\t<div class=\"elementor-column elementor-col-100 elementor-top-column elementor-element elementor-element-78e5221\" data-id=\"78e5221\" data-element_type=\"column\">\n\t\t\t<div class=\"elementor-widget-wrap elementor-element-populated\">\n\t\t\t\t\t\t<div class=\"elementor-element elementor-element-b5217f6 elementor-widget elementor-widget-text-editor\" data-id=\"b5217f6\" data-element_type=\"widget\" data-widget_type=\"text-editor.default\">\n\t\t\t\t<div class=\"elementor-widget-container\">\n\t\t\t\t\t\t\t\t\t<p>Bei Bedarf werden unsere Patienten zu Spezialoperationen (Wirbels\u00e4ule, k\u00fcnstliche Gelenke,..) an namhafte Kliniken \u00fcberwiesen, die Nachsorge kann nach Absprache mit der Klinik wieder vor Ort erfolgen.<br \/>Bitte nehmen Sie bei erg\u00e4nzenden Fragen oder zur Terminvereinbarung\u00a0<a href=\"https:\/\/my.website-editor.net\/site\/b11dbc6dfe584e228a5f025475db91fc\/null\" target=\"_blank\" rel=\"noopener\">Kontakt<\/a>\u00a0mit uns auf. Ausf\u00fchrliche Gespr\u00e4che und Beratung sind nach unserer Auffassung ein ganz wesentlicher Teil einer guten Betreuung und eine notwendige Voraussetzung f\u00fcr ein gutes Tier \u2013 Tierbesitzer \u2013 Tierarzt(praxis) \u2013 Verh\u00e4ltnis.<\/p>\t\t\t\t\t\t\t\t<\/div>\n\t\t\t\t<\/div>\n\t\t\t\t\t<\/div>\n\t\t<\/div>\n\t\t\t\t\t<\/div>\n\t\t<\/section>\n\t\t\t\t<\/div>\n\t\t","protected":false},"excerpt":{"rendered":"<p>Leistungsangebot Nach langj\u00e4hriger Berufspraxis bieten wir durch Erfahrung in allen Bereichen vor allem folgende Leistungsparameter an: Sprechstundenorganisation mit telefonischer Voranmeldung EDV \u2013 unterst\u00fctzte Patientenverwaltung Hausapotheke R\u00f6ntgen Lasertherapie Labordiagnostik Ultraschall Chirurgie OP-Tauglichkeit Narkose\u00fcberwachung Weichteilchirurgie Harn,-Mage,-Darmtrakt (Blasensteine&#8230;) Notoperationen (Magendrehung, Fremdk\u00f6rper,&#8230;) Tumorchirurgie Unfallchirurgie Gyn\u00e4kologische Operationen (Kaiserschnitt, Kastration,&#8230;) Osteosynthese (Kreuzband, TPLO,&#8230;) Station\u00e4re Patientenbetreuung Zahnbehandlungen Gesundenuntersuchung, Vorsorgemedizin F\u00fctterungs- und Di\u00e4tberatung [&hellip;]<\/p>\n","protected":false},"author":1,"featured_media":0,"parent":0,"menu_order":0,"comment_status":"closed","ping_status":"closed","template":"elementor_header_footer","meta":{"footnotes":""},"class_list":["post-92","page","type-page","status-publish","hentry"],"_links":{"self":[{"href":"https:\/\/drladstaetter.at\/index.php?rest_route=\/wp\/v2\/pages\/92","targetHints":{"allow":["GET"]}}],"collection":[{"href":"https:\/\/drladstaetter.at\/index.php?rest_route=\/wp\/v2\/pages"}],"about":[{"href":"https:\/\/drladstaetter.at\/index.php?rest_route=\/wp\/v2\/types\/page"}],"author":[{"embeddable":true,"href":"https:\/\/drladstaetter.at\/index.php?rest_route=\/wp\/v2\/users\/1"}],"replies":[{"embeddable":true,"href":"https:\/\/drladstaetter.at\/index.php?rest_route=%2Fwp%2Fv2%2Fcomments&post=92"}],"version-history":[{"count":19,"href":"https:\/\/drladstaetter.at\/index.php?rest_route=\/wp\/v2\/pages\/92\/revisions"}],"predecessor-version":[{"id":340,"href":"https:\/\/drladstaetter.at\/index.php?rest_route=\/wp\/v2\/pages\/92\/revisions\/340"}],"wp:attachment":[{"href":"https:\/\/drladstaetter.at\/index.php?rest_route=%2Fwp%2Fv2%2Fmedia&parent=92"}],"curies":[{"name":"wp","href":"https:\/\/api.w.org\/{rel}","templated":true}]}}