{"id":6,"date":"2023-07-20T15:49:32","date_gmt":"2023-07-20T13:49:32","guid":{"rendered":"https:\/\/dev.drladstaetter.at\/?page_id=6"},"modified":"2024-06-25T16:18:33","modified_gmt":"2024-06-25T14:18:33","slug":"kleintierpraxis","status":"publish","type":"page","link":"https:\/\/drladstaetter.at\/","title":{"rendered":"Kleintierpraxis"},"content":{"rendered":"\t\t<div data-elementor-type=\"wp-post\" data-elementor-id=\"6\" class=\"elementor elementor-6\" data-elementor-post-type=\"page\">\n\t\t\t\t\t\t<section class=\"elementor-section elementor-top-section elementor-element elementor-element-454fe32 elementor-section-boxed elementor-section-height-default elementor-section-height-default\" data-id=\"454fe32\" data-element_type=\"section\" data-settings=\"{&quot;background_background&quot;:&quot;classic&quot;}\">\n\t\t\t\t\t\t<div class=\"elementor-container elementor-column-gap-default\">\n\t\t\t\t\t<div class=\"elementor-column elementor-col-33 elementor-top-column elementor-element elementor-element-8994848\" data-id=\"8994848\" data-element_type=\"column\">\n\t\t\t<div class=\"elementor-widget-wrap elementor-element-populated\">\n\t\t\t\t\t\t<div class=\"elementor-element elementor-element-f02f15f elementor-widget__width-initial elementor-cta--skin-classic elementor-animated-content elementor-widget elementor-widget-call-to-action\" data-id=\"f02f15f\" data-element_type=\"widget\" data-widget_type=\"call-to-action.default\">\n\t\t\t\t<div class=\"elementor-widget-container\">\n\t\t\t\t\t\t\t<div class=\"elementor-cta\">\n\t\t\t\t\t<div class=\"elementor-cta__bg-wrapper\">\n\t\t\t\t<div class=\"elementor-cta__bg elementor-bg\" style=\"background-image: url(https:\/\/drladstaetter.at\/wp-content\/uploads\/2023\/07\/IMG_2351002-383w.webp);\" role=\"img\" aria-label=\"IMG_2351+(002)-383w\"><\/div>\n\t\t\t\t<div class=\"elementor-cta__bg-overlay\"><\/div>\n\t\t\t<\/div>\n\t\t\t\t\t\t\t\t<\/div>\n\t\t\t\t\t\t<\/div>\n\t\t\t\t<\/div>\n\t\t\t\t\t<\/div>\n\t\t<\/div>\n\t\t\t\t<div class=\"elementor-column elementor-col-33 elementor-top-column elementor-element elementor-element-05a55b4\" data-id=\"05a55b4\" data-element_type=\"column\" data-settings=\"{&quot;background_background&quot;:&quot;classic&quot;}\">\n\t\t\t<div class=\"elementor-widget-wrap elementor-element-populated\">\n\t\t\t\t\t\t<div class=\"elementor-element elementor-element-15916fe elementor-widget elementor-widget-heading\" data-id=\"15916fe\" data-element_type=\"widget\" data-widget_type=\"heading.default\">\n\t\t\t\t<div class=\"elementor-widget-container\">\n\t\t\t\t\t<h2 class=\"elementor-heading-title elementor-size-default\">Service<\/h2>\t\t\t\t<\/div>\n\t\t\t\t<\/div>\n\t\t\t\t<div class=\"elementor-element elementor-element-4a32721 elementor-widget__width-initial elementor-widget elementor-widget-text-editor\" data-id=\"4a32721\" data-element_type=\"widget\" data-widget_type=\"text-editor.default\">\n\t\t\t\t<div class=\"elementor-widget-container\">\n\t\t\t\t\t\t\t\t\t<p>Wir bem\u00fchen uns darum, dass Sie bei uns gut aufgehoben sind und Ihre Vierbeiner sich wohl f\u00fchlen. Neben Ambulanz- und Operationsterminen bieten wir auch Ern\u00e4hrungsberatung und Termine zum &#8222;Pet-Grooming&#8220; (professionelle Pflege von Hunden und Katzen) an.<\/p>\t\t\t\t\t\t\t\t<\/div>\n\t\t\t\t<\/div>\n\t\t\t\t\t<\/div>\n\t\t<\/div>\n\t\t\t\t<div class=\"elementor-column elementor-col-33 elementor-top-column elementor-element elementor-element-f320593\" data-id=\"f320593\" data-element_type=\"column\">\n\t\t\t<div class=\"elementor-widget-wrap elementor-element-populated\">\n\t\t\t\t\t\t<div class=\"elementor-element elementor-element-d7f35d7 elementor-widget__width-initial elementor-cta--skin-classic elementor-animated-content elementor-widget elementor-widget-call-to-action\" data-id=\"d7f35d7\" data-element_type=\"widget\" data-widget_type=\"call-to-action.default\">\n\t\t\t\t<div class=\"elementor-widget-container\">\n\t\t\t\t\t\t\t<div class=\"elementor-cta\">\n\t\t\t\t\t<div class=\"elementor-cta__bg-wrapper\">\n\t\t\t\t<div class=\"elementor-cta__bg elementor-bg\" style=\"background-image: url(https:\/\/drladstaetter.at\/wp-content\/uploads\/2023\/07\/HerbymitKatzi-1920w.webp);\" role=\"img\" aria-label=\"Herby+mit+Katzi-1920w\"><\/div>\n\t\t\t\t<div class=\"elementor-cta__bg-overlay\"><\/div>\n\t\t\t<\/div>\n\t\t\t\t\t\t\t\t<\/div>\n\t\t\t\t\t\t<\/div>\n\t\t\t\t<\/div>\n\t\t\t\t\t<\/div>\n\t\t<\/div>\n\t\t\t\t\t<\/div>\n\t\t<\/section>\n\t\t\t\t<section class=\"elementor-section elementor-top-section elementor-element elementor-element-29b78d7 elementor-section-boxed elementor-section-height-default elementor-section-height-default\" data-id=\"29b78d7\" data-element_type=\"section\" data-settings=\"{&quot;background_background&quot;:&quot;classic&quot;}\">\n\t\t\t\t\t\t<div class=\"elementor-container elementor-column-gap-default\">\n\t\t\t\t\t<div class=\"elementor-column elementor-col-100 elementor-top-column elementor-element elementor-element-44ebe02\" data-id=\"44ebe02\" data-element_type=\"column\">\n\t\t\t<div class=\"elementor-widget-wrap elementor-element-populated\">\n\t\t\t\t\t\t<div class=\"elementor-element elementor-element-59d8430 elementor-widget elementor-widget-image\" data-id=\"59d8430\" data-element_type=\"widget\" data-widget_type=\"image.default\">\n\t\t\t\t<div class=\"elementor-widget-container\">\n\t\t\t\t\t\t\t\t\t\t\t\t\t\t\t<img fetchpriority=\"high\" decoding=\"async\" width=\"512\" height=\"512\" src=\"https:\/\/drladstaetter.at\/wp-content\/uploads\/2023\/07\/cropped-cropped-vet_oesterreich_4C-e8a90a0c-188w.png\" class=\"attachment-large size-large wp-image-59\" alt=\"\" srcset=\"https:\/\/drladstaetter.at\/wp-content\/uploads\/2023\/07\/cropped-cropped-vet_oesterreich_4C-e8a90a0c-188w.png 512w, https:\/\/drladstaetter.at\/wp-content\/uploads\/2023\/07\/cropped-cropped-vet_oesterreich_4C-e8a90a0c-188w-300x300.png 300w, https:\/\/drladstaetter.at\/wp-content\/uploads\/2023\/07\/cropped-cropped-vet_oesterreich_4C-e8a90a0c-188w-150x150.png 150w, https:\/\/drladstaetter.at\/wp-content\/uploads\/2023\/07\/cropped-cropped-vet_oesterreich_4C-e8a90a0c-188w-270x270.png 270w, https:\/\/drladstaetter.at\/wp-content\/uploads\/2023\/07\/cropped-cropped-vet_oesterreich_4C-e8a90a0c-188w-192x192.png 192w, https:\/\/drladstaetter.at\/wp-content\/uploads\/2023\/07\/cropped-cropped-vet_oesterreich_4C-e8a90a0c-188w-180x180.png 180w, https:\/\/drladstaetter.at\/wp-content\/uploads\/2023\/07\/cropped-cropped-vet_oesterreich_4C-e8a90a0c-188w-32x32.png 32w\" sizes=\"(max-width: 512px) 100vw, 512px\" \/>\t\t\t\t\t\t\t\t\t\t\t\t\t\t\t<\/div>\n\t\t\t\t<\/div>\n\t\t\t\t<div class=\"elementor-element elementor-element-52cb32f elementor-widget elementor-widget-heading\" data-id=\"52cb32f\" data-element_type=\"widget\" data-widget_type=\"heading.default\">\n\t\t\t\t<div class=\"elementor-widget-container\">\n\t\t\t\t\t<h1 class=\"elementor-heading-title elementor-size-default\">Herzlich Willkommen<\/h1>\t\t\t\t<\/div>\n\t\t\t\t<\/div>\n\t\t\t\t<div class=\"elementor-element elementor-element-e1c1440 elementor-widget elementor-widget-text-editor\" data-id=\"e1c1440\" data-element_type=\"widget\" data-widget_type=\"text-editor.default\">\n\t\t\t\t<div class=\"elementor-widget-container\">\n\t\t\t\t\t\t\t\t\t<p>Wir hei\u00dfen Sie auf unserer Webseite herzlich willkommen! Von der Beratung bis zur Therapie, in unsere Fachtierarztpraxis f\u00fcr Kleintiere bieten wir Ihnen eine Reihe von Leistungen an. Informieren Sie sich auf unserer Webseite und kontaktieren Sie uns bitte telefonisch, wenn Sie einen Termin vereinbaren m\u00f6chten.<\/p>\n<p>+++NEU+++ hier k\u00f6nnen Sie nun auch direkt online einen Impftermin buchen: <a href=\"https:\/\/tierarzt-hermagor.vet-booking.net\/\" target=\"_blank\" rel=\"noopener\">Terminkalender<\/a><\/p>\t\t\t\t\t\t\t\t<\/div>\n\t\t\t\t<\/div>\n\t\t\t\t\t<\/div>\n\t\t<\/div>\n\t\t\t\t\t<\/div>\n\t\t<\/section>\n\t\t\t\t<\/div>\n\t\t","protected":false},"excerpt":{"rendered":"<p>Service Wir bem\u00fchen uns darum, dass Sie bei uns gut aufgehoben sind und Ihre Vierbeiner sich wohl f\u00fchlen. Neben Ambulanz- und Operationsterminen bieten wir auch Ern\u00e4hrungsberatung und Termine zum &#8222;Pet-Grooming&#8220; (professionelle Pflege von Hunden und Katzen) an. Herzlich Willkommen Wir hei\u00dfen Sie auf unserer Webseite herzlich willkommen! Von der Beratung bis zur Therapie, in unsere [&hellip;]<\/p>\n","protected":false},"author":1,"featured_media":0,"parent":0,"menu_order":0,"comment_status":"closed","ping_status":"closed","template":"elementor_header_footer","meta":{"footnotes":""},"class_list":["post-6","page","type-page","status-publish","hentry"],"_links":{"self":[{"href":"https:\/\/drladstaetter.at\/index.php?rest_route=\/wp\/v2\/pages\/6","targetHints":{"allow":["GET"]}}],"collection":[{"href":"https:\/\/drladstaetter.at\/index.php?rest_route=\/wp\/v2\/pages"}],"about":[{"href":"https:\/\/drladstaetter.at\/index.php?rest_route=\/wp\/v2\/types\/page"}],"author":[{"embeddable":true,"href":"https:\/\/drladstaetter.at\/index.php?rest_route=\/wp\/v2\/users\/1"}],"replies":[{"embeddable":true,"href":"https:\/\/drladstaetter.at\/index.php?rest_route=%2Fwp%2Fv2%2Fcomments&post=6"}],"version-history":[{"count":50,"href":"https:\/\/drladstaetter.at\/index.php?rest_route=\/wp\/v2\/pages\/6\/revisions"}],"predecessor-version":[{"id":315,"href":"https:\/\/drladstaetter.at\/index.php?rest_route=\/wp\/v2\/pages\/6\/revisions\/315"}],"wp:attachment":[{"href":"https:\/\/drladstaetter.at\/index.php?rest_route=%2Fwp%2Fv2%2Fmedia&parent=6"}],"curies":[{"name":"wp","href":"https:\/\/api.w.org\/{rel}","templated":true}]}}