{"id":146,"date":"2023-07-25T09:26:34","date_gmt":"2023-07-25T07:26:34","guid":{"rendered":"https:\/\/dev.drladstaetter.at\/?page_id=146"},"modified":"2023-07-25T10:33:06","modified_gmt":"2023-07-25T08:33:06","slug":"hundefriseurin","status":"publish","type":"page","link":"https:\/\/drladstaetter.at\/?page_id=146","title":{"rendered":"Hundefriseurin"},"content":{"rendered":"\t\t<div data-elementor-type=\"wp-page\" data-elementor-id=\"146\" class=\"elementor elementor-146\" data-elementor-post-type=\"page\">\n\t\t\t\t\t\t<section class=\"elementor-section elementor-top-section elementor-element elementor-element-de42a45 elementor-section-boxed elementor-section-height-default elementor-section-height-default\" data-id=\"de42a45\" data-element_type=\"section\" data-settings=\"{&quot;background_background&quot;:&quot;classic&quot;}\">\n\t\t\t\t\t\t<div class=\"elementor-container elementor-column-gap-default\">\n\t\t\t\t\t<div class=\"elementor-column elementor-col-100 elementor-top-column elementor-element elementor-element-cccc227\" data-id=\"cccc227\" data-element_type=\"column\">\n\t\t\t<div class=\"elementor-widget-wrap elementor-element-populated\">\n\t\t\t\t\t\t<div class=\"elementor-element elementor-element-2567566 elementor-widget elementor-widget-heading\" data-id=\"2567566\" data-element_type=\"widget\" data-widget_type=\"heading.default\">\n\t\t\t\t<div class=\"elementor-widget-container\">\n\t\t\t\t\t<h1 class=\"elementor-heading-title elementor-size-default\">TIERPFLEGE - \"PET-GROOMING\"<\/h1>\t\t\t\t<\/div>\n\t\t\t\t<\/div>\n\t\t\t\t\t<\/div>\n\t\t<\/div>\n\t\t\t\t\t<\/div>\n\t\t<\/section>\n\t\t\t\t<section class=\"elementor-section elementor-top-section elementor-element elementor-element-f1254a7 elementor-section-boxed elementor-section-height-default elementor-section-height-default\" data-id=\"f1254a7\" data-element_type=\"section\" data-settings=\"{&quot;background_background&quot;:&quot;classic&quot;}\">\n\t\t\t\t\t\t<div class=\"elementor-container elementor-column-gap-default\">\n\t\t\t\t\t<div class=\"elementor-column elementor-col-100 elementor-top-column elementor-element elementor-element-437410b\" data-id=\"437410b\" data-element_type=\"column\">\n\t\t\t<div class=\"elementor-widget-wrap elementor-element-populated\">\n\t\t\t\t\t\t<div class=\"elementor-element elementor-element-5bfdd15 elementor-widget elementor-widget-text-editor\" data-id=\"5bfdd15\" data-element_type=\"widget\" data-widget_type=\"text-editor.default\">\n\t\t\t\t<div class=\"elementor-widget-container\">\n\t\t\t\t\t\t\t\t\t<div><span>Grooming ist die englische Bezeichnung f\u00fcr Tierpflege und leitet sich von der englischen Bezeichnung \u201eto groom\u201c (= \u201epflegen\u201c) ab.<\/span><\/div><div><span>Da Umwelt und die Haltung der Haustiere in unseren vier W\u00e4nden deren Fellwechsel beeinflussen, reicht das oberf\u00e4chliche B\u00fcrsten des Fells und das Absp\u00fclen mit reinem Wasser zur Pflege oft nicht aus.<\/span><\/div><div><span>Unsere bestens ausgebildeten Hundefriseurin w\u00e4scht Ihren Vierbeiner mit temperiertem Wasser und ausgew\u00e4hlten Spezialshampoos, die auf den jeweiligen Fell- und Hauttyp des Tieres abgestimmt sind. Im Anschluss an die sorgsame und schonende Reinigung wird bei Bedarf eine Pflegesp\u00fclung aufgetragen, die die R\u00fcckfettung der Haut unterst\u00fctzt und das Haarkleid gegen Umwelteinfl\u00fcsse sch\u00fctzt.<\/span><\/div><div><span>Je nach Rasse, Typ und Zustand des Fells wird die entsprechende Pflegetechnik gew\u00e4hlt. Die regelm\u00e4\u00dfige Fellpflege beugt Verfilzungen und somit Hauterkrankungen vor.<\/span><\/div><div><span>Das Gesamtpaket kann folgende Pflegeschritte enthalten:<\/span><\/div><div><span>\u2022 Baden \u2013 mit ausgew\u00e4hlten Shampoos der italienischen Marke Camon (wir beziehen alle Pflegeprodukte \u00fcber die Firma PERRO)<\/span><\/div><div><span>\u2022 es folgt das schonende und h\u00e4ndische F\u00f6hnen, gefolgt von<\/span><\/div><div><span>\u2022 Schneiden, Scheren, Effilieren bzw. Trimmen \u2013 je nach Rasse bzw. Felltyp<\/span><\/div><div><span>\u2022 zur Kontrolle der Ohren und der Haut, der Krallen und Pfoten sowie zur Entfernung von Zecken wird bei Bedarf der Tierarzt \/ die Tier\u00e4rztin beigezogen.<\/span><\/div><div><span>\u2022 auch das K\u00fcrzen der Krallen wird vom tier\u00e4rztlichen Fachpersonal durchgef\u00fchrt<\/span><\/div><div><span>Zur Terminvereinbarung stehen die Mitarbeiterinnen\u00a0<\/span><\/div><div><span>in der Ordination gerne zur Verf\u00fcgung<\/span><\/div>\t\t\t\t\t\t\t\t<\/div>\n\t\t\t\t<\/div>\n\t\t\t\t<div class=\"elementor-element elementor-element-58d2206 elementor-widget elementor-widget-image\" data-id=\"58d2206\" data-element_type=\"widget\" data-widget_type=\"image.default\">\n\t\t\t\t<div class=\"elementor-widget-container\">\n\t\t\t\t\t\t\t\t\t\t\t\t\t\t\t\t<a href=\"https:\/\/dev.drladstaetter.at\/wp-content\/uploads\/2023\/07\/Zertifikat.png\" data-elementor-open-lightbox=\"yes\" data-elementor-lightbox-title=\"Zertifikat\" data-e-action-hash=\"#elementor-action%3Aaction%3Dlightbox%26settings%3DeyJpZCI6MTQ4LCJ1cmwiOiJodHRwczpcL1wvZHJsYWRzdGFldHRlci5hdFwvd3AtY29udGVudFwvdXBsb2Fkc1wvMjAyM1wvMDdcL1plcnRpZmlrYXQucG5nIn0%3D\">\n\t\t\t\t\t\t\t<img fetchpriority=\"high\" decoding=\"async\" width=\"724\" height=\"1024\" src=\"https:\/\/drladstaetter.at\/wp-content\/uploads\/2023\/07\/Zertifikat-724x1024.png\" class=\"attachment-large size-large wp-image-148\" alt=\"\" srcset=\"https:\/\/drladstaetter.at\/wp-content\/uploads\/2023\/07\/Zertifikat-724x1024.png 724w, https:\/\/drladstaetter.at\/wp-content\/uploads\/2023\/07\/Zertifikat-212x300.png 212w, https:\/\/drladstaetter.at\/wp-content\/uploads\/2023\/07\/Zertifikat-768x1086.png 768w, https:\/\/drladstaetter.at\/wp-content\/uploads\/2023\/07\/Zertifikat-1086x1536.png 1086w, https:\/\/drladstaetter.at\/wp-content\/uploads\/2023\/07\/Zertifikat-1448x2048.png 1448w, https:\/\/drladstaetter.at\/wp-content\/uploads\/2023\/07\/Zertifikat.png 1654w\" sizes=\"(max-width: 724px) 100vw, 724px\" \/>\t\t\t\t\t\t\t\t<\/a>\n\t\t\t\t\t\t\t\t\t\t\t\t\t\t\t<\/div>\n\t\t\t\t<\/div>\n\t\t\t\t<div class=\"elementor-element elementor-element-286c117 elementor-widget elementor-widget-gallery\" data-id=\"286c117\" data-element_type=\"widget\" data-settings=\"{&quot;columns&quot;:2,&quot;aspect_ratio&quot;:&quot;1:1&quot;,&quot;lazyload&quot;:&quot;yes&quot;,&quot;gallery_layout&quot;:&quot;grid&quot;,&quot;columns_tablet&quot;:2,&quot;columns_mobile&quot;:1,&quot;gap&quot;:{&quot;unit&quot;:&quot;px&quot;,&quot;size&quot;:10,&quot;sizes&quot;:[]},&quot;gap_tablet&quot;:{&quot;unit&quot;:&quot;px&quot;,&quot;size&quot;:10,&quot;sizes&quot;:[]},&quot;gap_mobile&quot;:{&quot;unit&quot;:&quot;px&quot;,&quot;size&quot;:10,&quot;sizes&quot;:[]},&quot;link_to&quot;:&quot;file&quot;,&quot;overlay_background&quot;:&quot;yes&quot;,&quot;content_hover_animation&quot;:&quot;fade-in&quot;}\" data-widget_type=\"gallery.default\">\n\t\t\t\t<div class=\"elementor-widget-container\">\n\t\t\t\t\t\t\t<div class=\"elementor-gallery__container\">\n\t\t\t\t\t\t\t<a class=\"e-gallery-item elementor-gallery-item elementor-animated-content\" href=\"https:\/\/drladstaetter.at\/wp-content\/uploads\/2023\/07\/5f7c7b00-e21c-4cbe-a1ae-cbe90476d8cc-1920w.webp\" data-elementor-open-lightbox=\"yes\" data-elementor-lightbox-slideshow=\"286c117\" data-elementor-lightbox-title=\"5f7c7b00-e21c-4cbe-a1ae-cbe90476d8cc-1920w\" data-e-action-hash=\"#elementor-action%3Aaction%3Dlightbox%26settings%3DeyJpZCI6MTUwLCJ1cmwiOiJodHRwczpcL1wvZHJsYWRzdGFldHRlci5hdFwvd3AtY29udGVudFwvdXBsb2Fkc1wvMjAyM1wvMDdcLzVmN2M3YjAwLWUyMWMtNGNiZS1hMWFlLWNiZTkwNDc2ZDhjYy0xOTIwdy53ZWJwIiwic2xpZGVzaG93IjoiMjg2YzExNyJ9\">\n\t\t\t\t\t<div class=\"e-gallery-image elementor-gallery-item__image\" data-thumbnail=\"https:\/\/drladstaetter.at\/wp-content\/uploads\/2023\/07\/5f7c7b00-e21c-4cbe-a1ae-cbe90476d8cc-1920w.webp\" data-width=\"1599\" data-height=\"1200\" aria-label=\"\" role=\"img\" ><\/div>\n\t\t\t\t\t\t\t\t\t\t\t<div class=\"elementor-gallery-item__overlay\"><\/div>\n\t\t\t\t\t\t\t\t\t\t\t\t\t\t<\/a>\n\t\t\t\t\t\t\t<a class=\"e-gallery-item elementor-gallery-item elementor-animated-content\" href=\"https:\/\/drladstaetter.at\/wp-content\/uploads\/2023\/07\/9e38daab-9afd-4090-85b8-6d4694decf64-1920w.webp\" data-elementor-open-lightbox=\"yes\" data-elementor-lightbox-slideshow=\"286c117\" data-elementor-lightbox-title=\"9e38daab-9afd-4090-85b8-6d4694decf64-1920w\" data-e-action-hash=\"#elementor-action%3Aaction%3Dlightbox%26settings%3DeyJpZCI6MTUxLCJ1cmwiOiJodHRwczpcL1wvZHJsYWRzdGFldHRlci5hdFwvd3AtY29udGVudFwvdXBsb2Fkc1wvMjAyM1wvMDdcLzllMzhkYWFiLTlhZmQtNDA5MC04NWI4LTZkNDY5NGRlY2Y2NC0xOTIwdy53ZWJwIiwic2xpZGVzaG93IjoiMjg2YzExNyJ9\">\n\t\t\t\t\t<div class=\"e-gallery-image elementor-gallery-item__image\" data-thumbnail=\"https:\/\/drladstaetter.at\/wp-content\/uploads\/2023\/07\/9e38daab-9afd-4090-85b8-6d4694decf64-1920w.webp\" data-width=\"895\" data-height=\"1600\" aria-label=\"\" role=\"img\" ><\/div>\n\t\t\t\t\t\t\t\t\t\t\t<div class=\"elementor-gallery-item__overlay\"><\/div>\n\t\t\t\t\t\t\t\t\t\t\t\t\t\t<\/a>\n\t\t\t\t\t\t\t<a class=\"e-gallery-item elementor-gallery-item elementor-animated-content\" href=\"https:\/\/drladstaetter.at\/wp-content\/uploads\/2023\/07\/37d81dda-f6be-4c1a-a939-ddf133c670b1-1920w.webp\" data-elementor-open-lightbox=\"yes\" data-elementor-lightbox-slideshow=\"286c117\" data-elementor-lightbox-title=\"37d81dda-f6be-4c1a-a939-ddf133c670b1-1920w\" data-e-action-hash=\"#elementor-action%3Aaction%3Dlightbox%26settings%3DeyJpZCI6MTUyLCJ1cmwiOiJodHRwczpcL1wvZHJsYWRzdGFldHRlci5hdFwvd3AtY29udGVudFwvdXBsb2Fkc1wvMjAyM1wvMDdcLzM3ZDgxZGRhLWY2YmUtNGMxYS1hOTM5LWRkZjEzM2M2NzBiMS0xOTIwdy53ZWJwIiwic2xpZGVzaG93IjoiMjg2YzExNyJ9\">\n\t\t\t\t\t<div class=\"e-gallery-image elementor-gallery-item__image\" data-thumbnail=\"https:\/\/drladstaetter.at\/wp-content\/uploads\/2023\/07\/37d81dda-f6be-4c1a-a939-ddf133c670b1-1920w.webp\" data-width=\"1536\" data-height=\"2048\" aria-label=\"\" role=\"img\" ><\/div>\n\t\t\t\t\t\t\t\t\t\t\t<div class=\"elementor-gallery-item__overlay\"><\/div>\n\t\t\t\t\t\t\t\t\t\t\t\t\t\t<\/a>\n\t\t\t\t\t\t\t<a class=\"e-gallery-item elementor-gallery-item elementor-animated-content\" href=\"https:\/\/drladstaetter.at\/wp-content\/uploads\/2023\/07\/f0b6d2e0-d306-4c93-8a3c-2ec89f19d17f-1920w-1.webp\" data-elementor-open-lightbox=\"yes\" data-elementor-lightbox-slideshow=\"286c117\" data-elementor-lightbox-title=\"f0b6d2e0-d306-4c93-8a3c-2ec89f19d17f-1920w (1)\" data-e-action-hash=\"#elementor-action%3Aaction%3Dlightbox%26settings%3DeyJpZCI6MTUzLCJ1cmwiOiJodHRwczpcL1wvZHJsYWRzdGFldHRlci5hdFwvd3AtY29udGVudFwvdXBsb2Fkc1wvMjAyM1wvMDdcL2YwYjZkMmUwLWQzMDYtNGM5My04YTNjLTJlYzg5ZjE5ZDE3Zi0xOTIwdy0xLndlYnAiLCJzbGlkZXNob3ciOiIyODZjMTE3In0%3D\">\n\t\t\t\t\t<div class=\"e-gallery-image elementor-gallery-item__image\" data-thumbnail=\"https:\/\/drladstaetter.at\/wp-content\/uploads\/2023\/07\/f0b6d2e0-d306-4c93-8a3c-2ec89f19d17f-1920w-1.webp\" data-width=\"895\" data-height=\"1600\" aria-label=\"\" role=\"img\" ><\/div>\n\t\t\t\t\t\t\t\t\t\t\t<div class=\"elementor-gallery-item__overlay\"><\/div>\n\t\t\t\t\t\t\t\t\t\t\t\t\t\t<\/a>\n\t\t\t\t\t\t\t<a class=\"e-gallery-item elementor-gallery-item elementor-animated-content\" href=\"https:\/\/drladstaetter.at\/wp-content\/uploads\/2023\/07\/IMG_3246002-1920w-1.webp\" data-elementor-open-lightbox=\"yes\" data-elementor-lightbox-slideshow=\"286c117\" data-elementor-lightbox-title=\"IMG_3246+(002)-1920w (1)\" data-e-action-hash=\"#elementor-action%3Aaction%3Dlightbox%26settings%3DeyJpZCI6MTU0LCJ1cmwiOiJodHRwczpcL1wvZHJsYWRzdGFldHRlci5hdFwvd3AtY29udGVudFwvdXBsb2Fkc1wvMjAyM1wvMDdcL0lNR18zMjQ2MDAyLTE5MjB3LTEud2VicCIsInNsaWRlc2hvdyI6IjI4NmMxMTcifQ%3D%3D\">\n\t\t\t\t\t<div class=\"e-gallery-image elementor-gallery-item__image\" data-thumbnail=\"https:\/\/drladstaetter.at\/wp-content\/uploads\/2023\/07\/IMG_3246002-1920w-1.webp\" data-width=\"1920\" data-height=\"2560\" aria-label=\"\" role=\"img\" ><\/div>\n\t\t\t\t\t\t\t\t\t\t\t<div class=\"elementor-gallery-item__overlay\"><\/div>\n\t\t\t\t\t\t\t\t\t\t\t\t\t\t<\/a>\n\t\t\t\t\t\t\t<a class=\"e-gallery-item elementor-gallery-item elementor-animated-content\" href=\"https:\/\/drladstaetter.at\/wp-content\/uploads\/2023\/07\/RomyFriseurChow1-1920w.webp\" data-elementor-open-lightbox=\"yes\" data-elementor-lightbox-slideshow=\"286c117\" data-elementor-lightbox-title=\"Romy+Friseur+Chow1-1920w\" data-e-action-hash=\"#elementor-action%3Aaction%3Dlightbox%26settings%3DeyJpZCI6MTU1LCJ1cmwiOiJodHRwczpcL1wvZHJsYWRzdGFldHRlci5hdFwvd3AtY29udGVudFwvdXBsb2Fkc1wvMjAyM1wvMDdcL1JvbXlGcmlzZXVyQ2hvdzEtMTkyMHcud2VicCIsInNsaWRlc2hvdyI6IjI4NmMxMTcifQ%3D%3D\">\n\t\t\t\t\t<div class=\"e-gallery-image elementor-gallery-item__image\" data-thumbnail=\"https:\/\/drladstaetter.at\/wp-content\/uploads\/2023\/07\/RomyFriseurChow1-1920w.webp\" data-width=\"1920\" data-height=\"2135\" aria-label=\"\" role=\"img\" ><\/div>\n\t\t\t\t\t\t\t\t\t\t\t<div class=\"elementor-gallery-item__overlay\"><\/div>\n\t\t\t\t\t\t\t\t\t\t\t\t\t\t<\/a>\n\t\t\t\t\t<\/div>\n\t\t\t\t\t<\/div>\n\t\t\t\t<\/div>\n\t\t\t\t\t<\/div>\n\t\t<\/div>\n\t\t\t\t\t<\/div>\n\t\t<\/section>\n\t\t\t\t<\/div>\n\t\t","protected":false},"excerpt":{"rendered":"<p>TIERPFLEGE &#8211; &#8222;PET-GROOMING&#8220; Grooming ist die englische Bezeichnung f\u00fcr Tierpflege und leitet sich von der englischen Bezeichnung \u201eto groom\u201c (= \u201epflegen\u201c) ab.Da Umwelt und die Haltung der Haustiere in unseren vier W\u00e4nden deren Fellwechsel beeinflussen, reicht das oberf\u00e4chliche B\u00fcrsten des Fells und das Absp\u00fclen mit reinem Wasser zur Pflege oft nicht aus.Unsere bestens ausgebildeten Hundefriseurin [&hellip;]<\/p>\n","protected":false},"author":1,"featured_media":0,"parent":0,"menu_order":0,"comment_status":"closed","ping_status":"closed","template":"elementor_header_footer","meta":{"footnotes":""},"class_list":["post-146","page","type-page","status-publish","hentry"],"_links":{"self":[{"href":"https:\/\/drladstaetter.at\/index.php?rest_route=\/wp\/v2\/pages\/146","targetHints":{"allow":["GET"]}}],"collection":[{"href":"https:\/\/drladstaetter.at\/index.php?rest_route=\/wp\/v2\/pages"}],"about":[{"href":"https:\/\/drladstaetter.at\/index.php?rest_route=\/wp\/v2\/types\/page"}],"author":[{"embeddable":true,"href":"https:\/\/drladstaetter.at\/index.php?rest_route=\/wp\/v2\/users\/1"}],"replies":[{"embeddable":true,"href":"https:\/\/drladstaetter.at\/index.php?rest_route=%2Fwp%2Fv2%2Fcomments&post=146"}],"version-history":[{"count":10,"href":"https:\/\/drladstaetter.at\/index.php?rest_route=\/wp\/v2\/pages\/146\/revisions"}],"predecessor-version":[{"id":196,"href":"https:\/\/drladstaetter.at\/index.php?rest_route=\/wp\/v2\/pages\/146\/revisions\/196"}],"wp:attachment":[{"href":"https:\/\/drladstaetter.at\/index.php?rest_route=%2Fwp%2Fv2%2Fmedia&parent=146"}],"curies":[{"name":"wp","href":"https:\/\/api.w.org\/{rel}","templated":true}]}}